{"id":1290,"date":"2021-06-30T22:17:38","date_gmt":"2021-06-30T22:17:38","guid":{"rendered":"http:\/\/artcrossingborders.com\/baam"},"modified":"2022-07-14T08:13:45","modified_gmt":"2022-07-14T07:13:45","slug":"baam","status":"publish","type":"page","link":"https:\/\/artcrossingborders.com\/uk\/baam","title":{"rendered":"BAAM"},"content":{"rendered":"<p>[et_pb_section fb_built=&#8221;1&#8243; custom_padding_last_edited=&#8221;off|phone&#8221; admin_label=&#8221;Header&#8221; _builder_version=&#8221;4.16&#8243; background_color_gradient_direction=&#8221;142deg&#8221; background_image=&#8221;http:\/\/artcrossingborders.com\/wp-content\/uploads\/2021\/06\/dj_32.jpg&#8221; parallax=&#8221;on&#8221; custom_padding=&#8221;6vw||0vw||false|&#8221; custom_padding_tablet=&#8221;||&#8221; locked=&#8221;off&#8221; global_colors_info=&#8221;{}&#8221;][et_pb_row _builder_version=&#8221;4.16&#8243; max_width=&#8221;none&#8221; custom_margin=&#8221;2vw|auto||auto||&#8221; custom_margin_tablet=&#8221;0vw||&#8221; custom_margin_last_edited=&#8221;off|desktop&#8221; custom_padding=&#8221;0px||0px||true&#8221; mix_blend_mode=&#8221;overlay&#8221; global_colors_info=&#8221;{}&#8221;][et_pb_column type=&#8221;4_4&#8243; _builder_version=&#8221;4.16&#8243; global_colors_info=&#8221;{}&#8221;][et_pb_text _builder_version=&#8221;4.16&#8243; text_font=&#8221;||||||||&#8221; header_font=&#8221;||||||||&#8221; header_2_font=&#8221;Roboto|800||on|||||&#8221; header_2_font_size=&#8221;9vw&#8221; header_2_letter_spacing=&#8221;0.7em&#8221; transform_scale_tablet=&#8221;&#8221; transform_scale_phone=&#8221;&#8221; transform_scale_last_edited=&#8221;on|desktop&#8221; transform_translate=&#8221;4em|0px&#8221; transform_translate_tablet=&#8221;&#8221; transform_translate_phone=&#8221;0em|0px&#8221; transform_translate_last_edited=&#8221;on|desktop&#8221; transform_translate_linked=&#8221;off&#8221; transform_rotate_tablet=&#8221;&#8221; transform_rotate_phone=&#8221;&#8221; transform_rotate_last_edited=&#8221;on|desktop&#8221; transform_skew_tablet=&#8221;&#8221; transform_skew_phone=&#8221;&#8221; transform_skew_last_edited=&#8221;on|desktop&#8221; transform_origin_tablet=&#8221;&#8221; transform_origin_phone=&#8221;&#8221; transform_origin_last_edited=&#8221;on|desktop&#8221; transform_styles_last_edited=&#8221;on|desktop&#8221; text_orientation=&#8221;center&#8221; background_layout=&#8221;dark&#8221; width=&#8221;100%&#8221; filter_opacity=&#8221;38%&#8221; header_2_font_size_tablet=&#8221;&#8221; header_2_font_size_phone=&#8221;&#8221; header_2_font_size_last_edited=&#8221;on|phone&#8221; transform_styles_tablet=&#8221;&#8221; transform_styles_phone=&#8221;&#8221; header_2_text_shadow_style=&#8221;preset3&#8243; header_2_text_shadow_color=&#8221;#000000&#8243; text_text_align=&#8221;center&#8221; global_colors_info=&#8221;{}&#8221;]<\/p>\n<h2>BAAM!<\/h2>\n<p>[\/et_pb_text][\/et_pb_column][\/et_pb_row][et_pb_row _builder_version=&#8221;4.16&#8243; max_width=&#8221;none&#8221; custom_padding=&#8221;0px||0px||true|&#8221; global_colors_info=&#8221;{}&#8221;][et_pb_column type=&#8221;4_4&#8243; _builder_version=&#8221;4.16&#8243; global_colors_info=&#8221;{}&#8221;][et_pb_text _builder_version=&#8221;4.16.0&#8243; text_font=&#8221;||||||||&#8221; header_font=&#8221;Roboto|800||on|||||&#8221; header_font_size=&#8221;6vw&#8221; header_letter_spacing=&#8221;0.2em&#8221; header_line_height=&#8221;1.1em&#8221; text_orientation=&#8221;center&#8221; background_layout=&#8221;dark&#8221; custom_margin=&#8221;-3vw|||||&#8221; hover_enabled=&#8221;0&#8243; header_font_size_tablet=&#8221;&#8221; header_font_size_phone=&#8221;36px&#8221; header_font_size_last_edited=&#8221;on|phone&#8221; header_letter_spacing_tablet=&#8221;&#8221; header_letter_spacing_phone=&#8221;0em&#8221; header_letter_spacing_last_edited=&#8221;on|desktop&#8221; header_text_shadow_style=&#8221;preset3&#8243; header_text_shadow_vertical_length=&#8221;-0.03em&#8221; header_text_shadow_blur_strength=&#8221;0.15em&#8221; text_text_align=&#8221;center&#8221; global_colors_info=&#8221;{}&#8221; sticky_enabled=&#8221;0&#8243;]<\/p>\n<h1>\u0411\u0430\u0437\u043e\u0432\u0438\u0439 \u043c\u0435\u043d\u0435\u0434\u0436\u043c\u0435\u043d\u0442 \u0432\u0456\u0434 \u043c\u0438\u0442\u0446\u044f \u0434\u043b\u044f \u043c\u0438\u0442\u0446\u044f<\/h1>\n<p>[\/et_pb_text][\/et_pb_column][\/et_pb_row][et_pb_row _builder_version=&#8221;4.16&#8243; use_background_color_gradient=&#8221;on&#8221; background_color_gradient_stops=&#8221;rgba(0,25,102,0) 0%|rgba(0,25,102,0.59) 100%&#8221; background_color_gradient_start=&#8221;rgba(0,25,102,0)&#8221; background_color_gradient_end=&#8221;rgba(0,25,102,0.59)&#8221; custom_padding=&#8221;8vw|80px|8vw|80px|true|true&#8221; global_colors_info=&#8221;{}&#8221;][et_pb_column type=&#8221;4_4&#8243; _builder_version=&#8221;4.16&#8243; global_colors_info=&#8221;{}&#8221;][et_pb_text _builder_version=&#8221;4.16.0&#8243; text_font=&#8221;||||||||&#8221; link_font=&#8221;||||on||||&#8221; link_text_color=&#8221;#ffffff&#8221; text_orientation=&#8221;center&#8221; background_layout=&#8221;dark&#8221; custom_margin=&#8221;||60px&#8221; hover_enabled=&#8221;0&#8243; header_3_font_size_tablet=&#8221;25px&#8221; header_3_font_size_phone=&#8221;20px&#8221; header_3_font_size_last_edited=&#8221;on|phone&#8221; text_text_align=&#8221;center&#8221; global_colors_info=&#8221;{}&#8221; sticky_enabled=&#8221;0&#8243; text_font_size=&#8221;15px&#8221;]<\/p>\n<h3>Liebe bewerber<\/h3>\n<p>Herzlich Willkommen! Du bewirbst Dich hier f\u00fcr B.A.A.M. das Basic Artist for Artist Management Board, eine limitierte Initiative von &#8220;Art Crossing Borders&#8221; einem gemeinn\u00fctzigen Zusammenschluss von K\u00fcnstlern und F\u00f6rderern aller Sparten, mit dem Ziel der Kunst neue Laboratorien und Freir\u00e4ume zu erm\u00f6glichen.<\/p>\n<p>[\/et_pb_text][et_pb_text _builder_version=&#8221;4.16.0&#8243; text_font=&#8221;|600|||||||&#8221; text_font_size=&#8221;15px&#8221; link_font=&#8221;||||on||||&#8221; link_text_color=&#8221;#ffffff&#8221; text_orientation=&#8221;center&#8221; background_layout=&#8221;dark&#8221; custom_margin=&#8221;||30px|||&#8221; hover_enabled=&#8221;0&#8243; header_3_font_size_tablet=&#8221;25px&#8221; header_3_font_size_phone=&#8221;20px&#8221; header_3_font_size_last_edited=&#8221;on|phone&#8221; text_text_align=&#8221;center&#8221; global_colors_info=&#8221;{}&#8221; sticky_enabled=&#8221;0&#8243;]<\/p>\n<h3>\u0411\u043b\u0430\u043d\u043a<\/h3>\n<p>\u0414\u043b\u044f \u043f\u043e\u0434\u0430\u0447\u0456 \u0437\u0430\u044f\u0432\u043a\u0438 \u0437\u0430\u043f\u043e\u0432\u043d\u0438 \u0442\u0430 \u043d\u0430\u0434\u0456\u0448\u043b\u0438 \u043d\u0430\u043c \u0430\u043d\u043a\u0435\u0442\u0443.<\/p>\n<p>[\/et_pb_text][et_pb_text _builder_version=&#8221;4.16.0&#8243; text_font=&#8221;|600|||||||&#8221; text_font_size=&#8221;15px&#8221; text_line_height=&#8221;1.8em&#8221; link_font=&#8221;||||on||||&#8221; link_text_color=&#8221;#ffffff&#8221; text_orientation=&#8221;center&#8221; background_layout=&#8221;dark&#8221; custom_padding=&#8221;30px|||||&#8221; hover_enabled=&#8221;0&#8243; header_3_font_size_tablet=&#8221;25px&#8221; header_3_font_size_phone=&#8221;20px&#8221; header_3_font_size_last_edited=&#8221;on|phone&#8221; text_text_align=&#8221;center&#8221; global_colors_info=&#8221;{}&#8221; sticky_enabled=&#8221;0&#8243;]<\/p>\n<h3>\u041f\u0438\u0442\u0430\u043d\u043d\u044f?<\/h3>\n<p>Nadine Stellmacher (\u041d\u0430\u0434\u0456\u043d \u0428\u0442\u0435\u043b\u044c\u043c\u0430\u0445\u0435\u0440) <span style=\"text-decoration: underline;\">nadine[@]artcrossingborders.com<br \/><\/span>Julian Friedrich (\u042e\u043b\u0456\u0430\u043d \u0424\u0440\u0456\u0434\u0440\u0456\u0445) <span style=\"text-decoration: underline;\">julian[@]artcrossingborders.com<\/span><\/p>\n<p>[\/et_pb_text][\/et_pb_column][\/et_pb_row][et_pb_row _builder_version=&#8221;4.16&#8243; custom_padding=&#8221;100px||100px||true&#8221; box_shadow_style=&#8221;preset4&#8243; box_shadow_horizontal=&#8221;-30vw&#8221; box_shadow_vertical=&#8221;0px&#8221; box_shadow_color=&#8221;#ffffff&#8221; global_colors_info=&#8221;{}&#8221;][et_pb_column type=&#8221;4_4&#8243; _builder_version=&#8221;4.16&#8243; global_colors_info=&#8221;{}&#8221;][et_pb_contact_form email=&#8221;&#x62;&#97;a&#x6d;&#64;a&#x72;&#116;c&#x72;&#111;s&#x73;&#105;n&#x67;&#x62;o&#x72;&#x64;&#101;&#x72;&#x73;&#46;&#x63;&#x6f;&#109;&#8221; _builder_version=&#8221;4.16.0&#8243; _unique_id=&#8221;7f7bc492-5cbc-4f37-8277-beb866775296&#8243; form_field_background_color=&#8221;rgba(255,229,191,0.16)&#8221; form_field_text_color=&#8221;#ffffff&#8221; form_field_focus_background_color=&#8221;#ffffff&#8221; form_field_focus_text_color=&#8221;#001966&#8243; form_field_custom_margin=&#8221;||30px&#8221; form_field_font=&#8221;||||||||&#8221; button_bg_use_color_gradient=&#8221;on&#8221; button_bg_color_gradient_direction=&#8221;90deg&#8221; button_bg_color_gradient_stops=&#8221;#ffb397 0%|#f46aa0 100%&#8221; button_bg_color_gradient_start=&#8221;#ffb397&#8243; button_bg_color_gradient_end=&#8221;#f46aa0&#8243; button_icon=&#8221;&#x24;||divi||400&#8243; width=&#8221;90%&#8221; max_width=&#8221;600px&#8221; module_alignment=&#8221;center&#8221; hover_enabled=&#8221;0&#8243; box_shadow_style=&#8221;preset3&#8243; box_shadow_blur=&#8221;55px&#8221; box_shadow_color=&#8221;rgba(0,0,0,0.26)&#8221; global_colors_info=&#8221;{}&#8221; captcha_text_color=&#8221;#FFFFFF&#8221; captcha_font_size=&#8221;27px&#8221; captcha_font=&#8221;Roboto||||||||&#8221; sticky_enabled=&#8221;0&#8243;][et_pb_contact_field field_id=&#8221;Name&#8221; field_title=&#8221;\u0406\u043c&#8217;\u044f \u0437\u0430\u044f\u0432\u043d\u0438\u043a\u0430\/\u0446\u0456&#8221; fullwidth_field=&#8221;on&#8221; _builder_version=&#8221;4.16&#8243; form_field_font=&#8221;||||||||&#8221; global_colors_info=&#8221;{}&#8221; button_text_size__hover_enabled=&#8221;off&#8221; button_one_text_size__hover_enabled=&#8221;off&#8221; button_two_text_size__hover_enabled=&#8221;off&#8221; button_text_color__hover_enabled=&#8221;off&#8221; button_one_text_color__hover_enabled=&#8221;off&#8221; button_two_text_color__hover_enabled=&#8221;off&#8221; button_border_width__hover_enabled=&#8221;off&#8221; button_one_border_width__hover_enabled=&#8221;off&#8221; button_two_border_width__hover_enabled=&#8221;off&#8221; button_border_color__hover_enabled=&#8221;off&#8221; button_one_border_color__hover_enabled=&#8221;off&#8221; button_two_border_color__hover_enabled=&#8221;off&#8221; button_border_radius__hover_enabled=&#8221;off&#8221; button_one_border_radius__hover_enabled=&#8221;off&#8221; button_two_border_radius__hover_enabled=&#8221;off&#8221; button_letter_spacing__hover_enabled=&#8221;off&#8221; button_one_letter_spacing__hover_enabled=&#8221;off&#8221; button_two_letter_spacing__hover_enabled=&#8221;off&#8221; button_bg_color__hover_enabled=&#8221;off&#8221; button_one_bg_color__hover_enabled=&#8221;off&#8221; button_two_bg_color__hover_enabled=&#8221;off&#8221;][\/et_pb_contact_field][et_pb_contact_field field_id=&#8221;Email&#8221; field_title=&#8221;Email&#8221; field_type=&#8221;email&#8221; fullwidth_field=&#8221;on&#8221; _builder_version=&#8221;4.16&#8243; form_field_font=&#8221;||||||||&#8221; global_colors_info=&#8221;{}&#8221; button_text_size__hover_enabled=&#8221;off&#8221; button_one_text_size__hover_enabled=&#8221;off&#8221; button_two_text_size__hover_enabled=&#8221;off&#8221; button_text_color__hover_enabled=&#8221;off&#8221; button_one_text_color__hover_enabled=&#8221;off&#8221; button_two_text_color__hover_enabled=&#8221;off&#8221; button_border_width__hover_enabled=&#8221;off&#8221; button_one_border_width__hover_enabled=&#8221;off&#8221; button_two_border_width__hover_enabled=&#8221;off&#8221; button_border_color__hover_enabled=&#8221;off&#8221; button_one_border_color__hover_enabled=&#8221;off&#8221; button_two_border_color__hover_enabled=&#8221;off&#8221; button_border_radius__hover_enabled=&#8221;off&#8221; button_one_border_radius__hover_enabled=&#8221;off&#8221; button_two_border_radius__hover_enabled=&#8221;off&#8221; button_letter_spacing__hover_enabled=&#8221;off&#8221; button_one_letter_spacing__hover_enabled=&#8221;off&#8221; button_two_letter_spacing__hover_enabled=&#8221;off&#8221; button_bg_color__hover_enabled=&#8221;off&#8221; button_one_bg_color__hover_enabled=&#8221;off&#8221; button_two_bg_color__hover_enabled=&#8221;off&#8221;][\/et_pb_contact_field][et_pb_contact_field field_id=&#8221;Projektname&#8221; field_title=&#8221;\u041d\u0430\u0437\u0432\u0430 \u043f\u0440\u043e\u0454\u043a\u0442\u0443&#8221; fullwidth_field=&#8221;on&#8221; _builder_version=&#8221;4.16&#8243; _module_preset=&#8221;default&#8221; global_colors_info=&#8221;{}&#8221;][\/et_pb_contact_field][et_pb_contact_field field_id=&#8221;Mitglieder&#8221; field_title=&#8221;\u0406\u043d\u0448\u0456 \u0443\u0447\u0430\u0441\u043d\u0438\u043a\u0438&#8221; fullwidth_field=&#8221;on&#8221; _builder_version=&#8221;4.16&#8243; _module_preset=&#8221;default&#8221; global_colors_info=&#8221;{}&#8221;][\/et_pb_contact_field][et_pb_contact_field field_id=&#8221;Kurzbeschreibung&#8221; field_title=&#8221;\u041a\u043e\u0440\u043e\u0442\u043a\u0438\u0439 \u043e\u043f\u0438\u0441&#8221; field_type=&#8221;text&#8221; fullwidth_field=&#8221;on&#8221; _builder_version=&#8221;4.16&#8243; global_colors_info=&#8221;{}&#8221; button_text_size__hover_enabled=&#8221;off&#8221; button_one_text_size__hover_enabled=&#8221;off&#8221; button_two_text_size__hover_enabled=&#8221;off&#8221; button_text_color__hover_enabled=&#8221;off&#8221; button_one_text_color__hover_enabled=&#8221;off&#8221; button_two_text_color__hover_enabled=&#8221;off&#8221; button_border_width__hover_enabled=&#8221;off&#8221; button_one_border_width__hover_enabled=&#8221;off&#8221; button_two_border_width__hover_enabled=&#8221;off&#8221; button_border_color__hover_enabled=&#8221;off&#8221; button_one_border_color__hover_enabled=&#8221;off&#8221; button_two_border_color__hover_enabled=&#8221;off&#8221; button_border_radius__hover_enabled=&#8221;off&#8221; button_one_border_radius__hover_enabled=&#8221;off&#8221; button_two_border_radius__hover_enabled=&#8221;off&#8221; button_letter_spacing__hover_enabled=&#8221;off&#8221; button_one_letter_spacing__hover_enabled=&#8221;off&#8221; button_two_letter_spacing__hover_enabled=&#8221;off&#8221; button_bg_color__hover_enabled=&#8221;off&#8221; button_one_bg_color__hover_enabled=&#8221;off&#8221; button_two_bg_color__hover_enabled=&#8221;off&#8221;][\/et_pb_contact_field][et_pb_contact_field field_id=&#8221;Milestones&#8221; field_title=&#8221;\u0414\u043e\u0441\u044f\u0433\u043d\u0443\u0442\u0456 \u0446\u0456\u043b\u0456&#8221; field_type=&#8221;text&#8221; fullwidth_field=&#8221;on&#8221; _builder_version=&#8221;4.16&#8243; global_colors_info=&#8221;{}&#8221; button_text_size__hover_enabled=&#8221;off&#8221; button_one_text_size__hover_enabled=&#8221;off&#8221; button_two_text_size__hover_enabled=&#8221;off&#8221; button_text_color__hover_enabled=&#8221;off&#8221; button_one_text_color__hover_enabled=&#8221;off&#8221; button_two_text_color__hover_enabled=&#8221;off&#8221; button_border_width__hover_enabled=&#8221;off&#8221; button_one_border_width__hover_enabled=&#8221;off&#8221; button_two_border_width__hover_enabled=&#8221;off&#8221; button_border_color__hover_enabled=&#8221;off&#8221; button_one_border_color__hover_enabled=&#8221;off&#8221; button_two_border_color__hover_enabled=&#8221;off&#8221; button_border_radius__hover_enabled=&#8221;off&#8221; button_one_border_radius__hover_enabled=&#8221;off&#8221; button_two_border_radius__hover_enabled=&#8221;off&#8221; button_letter_spacing__hover_enabled=&#8221;off&#8221; button_one_letter_spacing__hover_enabled=&#8221;off&#8221; button_two_letter_spacing__hover_enabled=&#8221;off&#8221; button_bg_color__hover_enabled=&#8221;off&#8221; button_one_bg_color__hover_enabled=&#8221;off&#8221; button_two_bg_color__hover_enabled=&#8221;off&#8221;][\/et_pb_contact_field][et_pb_contact_field field_id=&#8221;Links&#8221; field_title=&#8221;\u041f\u043e\u0441\u0438\u043b\u0430\u043d\u043d\u044f&#8221; fullwidth_field=&#8221;on&#8221; _builder_version=&#8221;4.16&#8243; _module_preset=&#8221;default&#8221; global_colors_info=&#8221;{}&#8221;][\/et_pb_contact_field][\/et_pb_contact_form][\/et_pb_column][\/et_pb_row][\/et_pb_section]<\/p>\n","protected":false},"excerpt":{"rendered":"<p>BAAM!\u0411\u0430\u0437\u043e\u0432\u0438\u0439 \u043c\u0435\u043d\u0435\u0434\u0436\u043c\u0435\u043d\u0442 \u0432\u0456\u0434 \u043c\u0438\u0442\u0446\u044f \u0434\u043b\u044f \u043c\u0438\u0442\u0446\u044fLiebe bewerber Herzlich Willkommen! Du bewirbst Dich hier f\u00fcr B.A.A.M. das Basic Artist for Artist Management Board, eine limitierte Initiative von &#8220;Art Crossing Borders&#8221; einem gemeinn\u00fctzigen Zusammenschluss von K\u00fcnstlern und F\u00f6rderern aller Sparten, mit dem Ziel der Kunst neue Laboratorien und Freir\u00e4ume zu erm\u00f6glichen.\u0411\u043b\u0430\u043d\u043a \u0414\u043b\u044f \u043f\u043e\u0434\u0430\u0447\u0456 \u0437\u0430\u044f\u0432\u043a\u0438 \u0437\u0430\u043f\u043e\u0432\u043d\u0438 \u0442\u0430 \u043d\u0430\u0434\u0456\u0448\u043b\u0438 [&hellip;]<\/p>\n","protected":false},"author":1,"featured_media":0,"parent":0,"menu_order":0,"comment_status":"closed","ping_status":"closed","template":"","meta":{"_et_pb_use_builder":"on","_et_pb_old_content":"","_et_gb_content_width":"","inline_featured_image":false,"footnotes":""},"class_list":["post-1290","page","type-page","status-publish","hentry"],"_links":{"self":[{"href":"https:\/\/artcrossingborders.com\/uk\/wp-json\/wp\/v2\/pages\/1290","targetHints":{"allow":["GET"]}}],"collection":[{"href":"https:\/\/artcrossingborders.com\/uk\/wp-json\/wp\/v2\/pages"}],"about":[{"href":"https:\/\/artcrossingborders.com\/uk\/wp-json\/wp\/v2\/types\/page"}],"author":[{"embeddable":true,"href":"https:\/\/artcrossingborders.com\/uk\/wp-json\/wp\/v2\/users\/1"}],"replies":[{"embeddable":true,"href":"https:\/\/artcrossingborders.com\/uk\/wp-json\/wp\/v2\/comments?post=1290"}],"version-history":[{"count":8,"href":"https:\/\/artcrossingborders.com\/uk\/wp-json\/wp\/v2\/pages\/1290\/revisions"}],"predecessor-version":[{"id":1940,"href":"https:\/\/artcrossingborders.com\/uk\/wp-json\/wp\/v2\/pages\/1290\/revisions\/1940"}],"wp:attachment":[{"href":"https:\/\/artcrossingborders.com\/uk\/wp-json\/wp\/v2\/media?parent=1290"}],"curies":[{"name":"wp","href":"https:\/\/api.w.org\/{rel}","templated":true}]}}