{"id":1265,"date":"2022-03-26T16:31:11","date_gmt":"2022-03-26T15:31:11","guid":{"rendered":"https:\/\/artcrossingborders.com\/moravski-chamber-choir"},"modified":"2023-06-27T17:26:37","modified_gmt":"2023-06-27T16:26:37","slug":"moravski-chamber-choir","status":"publish","type":"page","link":"https:\/\/artcrossingborders.com\/en\/moravski-chamber-choir","title":{"rendered":"Moravski Chamber Choir"},"content":{"rendered":"<p>[et_pb_section fb_built=&#8221;1&#8243; _builder_version=&#8221;4.16&#8243; _module_preset=&#8221;default&#8221; custom_padding=&#8221;||0px|||&#8221; global_colors_info=&#8221;{}&#8221;][et_pb_row _builder_version=&#8221;4.16&#8243; _module_preset=&#8221;default&#8221; background_enable_image=&#8221;off&#8221; custom_padding=&#8221;0px|||||&#8221; global_colors_info=&#8221;{}&#8221;][et_pb_column type=&#8221;4_4&#8243; _builder_version=&#8221;4.16&#8243; _module_preset=&#8221;default&#8221; global_colors_info=&#8221;{}&#8221;][et_pb_image src=&#8221;http:\/\/artcrossingborders.com\/wp-content\/uploads\/2022\/03\/IMG_0049-scaled.jpg&#8221; title_text=&#8221;IMG_0049&#8243; _builder_version=&#8221;4.16&#8243; _module_preset=&#8221;default&#8221; background_enable_color=&#8221;off&#8221; background_enable_image=&#8221;off&#8221; custom_margin=&#8221;||7px||false|false&#8221; global_colors_info=&#8221;{}&#8221;][\/et_pb_image][et_pb_text _builder_version=&#8221;4.17.1&#8243; _module_preset=&#8221;default&#8221; custom_margin=&#8221;-8px||23px||false|false&#8221; hover_enabled=&#8221;0&#8243; global_colors_info=&#8221;{}&#8221; text_font_size=&#8221;12px&#8221; sticky_enabled=&#8221;0&#8243;]<\/p>\n<p>(c) Photographer<\/p>\n<p>[\/et_pb_text][et_pb_text _builder_version=&#8221;4.16&#8243; _module_preset=&#8221;default&#8221; text_text_color=&#8221;#242424&#8243; text_font_size=&#8221;16px&#8221; header_font_size=&#8221;56px&#8221; header_letter_spacing=&#8221;3px&#8221; global_colors_info=&#8221;{}&#8221;]<\/p>\n<h1><span>Moravski Chamber Choir<\/span><\/h1>\n<p><i>A Ukrainian amateur choir with exceptional atmosphere and cohesion<\/i><\/p>\n<p>[\/et_pb_text][et_pb_divider _builder_version=&#8221;4.16&#8243; _module_preset=&#8221;default&#8221; custom_margin=&#8221;-18px||-1px||false|false&#8221; global_colors_info=&#8221;{}&#8221;][\/et_pb_divider][et_pb_text _builder_version=&#8221;4.17.1&#8243; _module_preset=&#8221;default&#8221; text_text_color=&#8221;#6B6B6B&#8221; text_font_size=&#8221;12px&#8221; custom_margin=&#8221;-18px||||false|false&#8221; global_colors_info=&#8221;{}&#8221;]<\/p>\n<p>Julian Friedrich | Oktober 2021 | #Projekt #Musik #Grippe #Gesang #Chor #Amateur<\/p>\n<p>[\/et_pb_text][\/et_pb_column][\/et_pb_row][et_pb_row column_structure=&#8221;1_3,1_3,1_3&#8243; use_custom_gutter=&#8221;on&#8221; gutter_width=&#8221;1&#8243; _builder_version=&#8221;4.16&#8243; _module_preset=&#8221;default&#8221; global_colors_info=&#8221;{}&#8221;][et_pb_column type=&#8221;1_3&#8243; _builder_version=&#8221;4.16&#8243; _module_preset=&#8221;default&#8221; custom_padding=&#8221;|20px|||false|false&#8221; custom_padding_tablet=&#8221;|0px|||false|false&#8221; custom_padding_phone=&#8221;|0px|||false|false&#8221; custom_padding_last_edited=&#8221;on|phone&#8221; custom_css_main_element=&#8221;width: 32.7%!important;&#8221; border_color_all=&#8221;#8F8F8F&#8221; border_width_right=&#8221;1px&#8221; border_width_all_tablet=&#8221;0px&#8221; border_width_all_last_edited=&#8221;off|tablet&#8221; border_width_right_tablet=&#8221;0px&#8221; border_width_right_phone=&#8221;0px&#8221; border_width_right_last_edited=&#8221;on|desktop&#8221; global_colors_info=&#8221;{}&#8221; custom_css_main_element_last_edited=&#8221;on|tablet&#8221; custom_css_main_element_tablet=&#8221;\/**\/&#8221; custom_css_main_element_phone=&#8221;\/**\/&#8221;][et_pb_text _builder_version=&#8221;4.16&#8243; _module_preset=&#8221;default&#8221; custom_padding=&#8221;||20px||false|false&#8221; global_colors_info=&#8221;{}&#8221;]<\/p>\n<div><span>The Moravski Chamber Choir is an amateur choir founded in 2017 with a strong community made up of people from diverse walks of life. The choir owes its atmosphere and great cohesion to its members and not least to its choirmaster Olena Radko, a graduate of the Ukrainian National Tchaikovsky Academy of Music and an experienced conductor. With her cordial manner, her excellent ear and constant work on the sound, she has achieved a small masterpiece. She has welded the motley, lively troupe together into a well-balanced body of sound that, with fine tone, creates a <\/span><\/div>\n<div><\/div>\n<p>[\/et_pb_text][et_pb_image src=&#8221;http:\/\/artcrossingborders.com\/wp-content\/uploads\/2022\/03\/IMG_0343-scaled.jpg&#8221; title_text=&#8221;IMG_0343&#8243; _builder_version=&#8221;4.16&#8243; _module_preset=&#8221;default&#8221; custom_padding=&#8221;||20px||false|false&#8221; global_colors_info=&#8221;{}&#8221;][\/et_pb_image][\/et_pb_column][et_pb_column type=&#8221;1_3&#8243; _builder_version=&#8221;4.16&#8243; _module_preset=&#8221;default&#8221; custom_padding=&#8221;|20px||20px|false|false&#8221; custom_padding_tablet=&#8221;|0px||0px|false|false&#8221; custom_padding_phone=&#8221;|||0px|false|false&#8221; custom_padding_last_edited=&#8221;on|phone&#8221; custom_css_main_element=&#8221;width: 34.6%!important;&#8221; border_width_right=&#8221;1px&#8221; border_color_right=&#8221;#8F8F8F&#8221; border_width_all_tablet=&#8221;&#8221; border_width_all_phone=&#8221;&#8221; border_width_all_last_edited=&#8221;on|desktop&#8221; border_width_right_tablet=&#8221;0px&#8221; border_width_right_phone=&#8221;&#8221; border_width_right_last_edited=&#8221;on|tablet&#8221; global_colors_info=&#8221;{}&#8221; custom_css_main_element_last_edited=&#8221;on|tablet&#8221; custom_css_main_element_tablet=&#8221;\/**\/&#8221; custom_css_main_element_phone=&#8221;\/**\/&#8221;][et_pb_text _builder_version=&#8221;4.16&#8243; _module_preset=&#8221;default&#8221; custom_padding=&#8221;||20px||false|false&#8221; global_colors_info=&#8221;{}&#8221;]<\/p>\n<p style=\"font-weight: 400;\">always makes you forget that there are no professionals on stage, but hobby singers and amateurs, some of whom can&#8217;t even read music. <\/p>\n<p style=\"font-weight: 400;\">Art Crossing Borders wants to support and protect this strong integrating power and the quality of being able to motivate to high performance. Despite resistance and difficulties, the Moravski Chamber Choir has created something special that vividly demonstrates how meaningful and important participation in art and making music together is. For some members, the choir has become a retreat and center of life, for which they put up with long distances, cold winters and out-of-tune pianos. <\/p>\n<p style=\"font-weight: 400;\">The choir is also making an impact in the professional music world. In his young career he was invited to 40 national and international concerts and festivals and won several awards. In the process, he also achieved the brilliant victory of the second Ukrainian Mykola Leonovich Choir Competition, in which, competing with professional choirs.<\/p>\n<p>[\/et_pb_text][\/et_pb_column][et_pb_column type=&#8221;1_3&#8243; _builder_version=&#8221;4.16&#8243; _module_preset=&#8221;default&#8221; custom_padding=&#8221;|||20px|false|false&#8221; custom_padding_tablet=&#8221;|||0px|false|false&#8221; custom_padding_phone=&#8221;&#8221; custom_padding_last_edited=&#8221;on|tablet&#8221; custom_css_main_element=&#8221;width: 31.7%!important;&#8221; global_colors_info=&#8221;{}&#8221; custom_css_main_element_last_edited=&#8221;on|tablet&#8221; custom_css_main_element_tablet=&#8221;\/**\/&#8221; custom_css_main_element_phone=&#8221;\/**\/&#8221;][et_pb_text _builder_version=&#8221;4.16&#8243; _module_preset=&#8221;default&#8221; custom_padding=&#8221;||20px||false|false&#8221; global_colors_info=&#8221;{}&#8221;]<\/p>\n<p style=\"font-weight: 400;\">Everyone who attends a rehearsal of the Moravski Chamber Choir senses that something is different here. In the pandemic, other choirs lost members. It must mean something when a choir can even gain members in this situation, against the trend. When asked about her first meeting with the troupe, Olena Radko (choir director) replies succinctly and forcefully, &#8220;It was love at first sight.&#8221;<\/p>\n<p style=\"font-weight: 400;\">However, the Moravski Choir needs, among other things, basic equipment and support in various areas in order to continue and develop. The association wants to protect this unusual choir, promote it on its way and develop projects in an international framework to encourage an exchange between Germany and Ukraine. <\/p>\n<p>[\/et_pb_text][\/et_pb_column][\/et_pb_row][et_pb_row _builder_version=&#8221;4.16&#8243; _module_preset=&#8221;default&#8221; global_colors_info=&#8221;{}&#8221;][et_pb_column type=&#8221;4_4&#8243; _builder_version=&#8221;4.16&#8243; _module_preset=&#8221;default&#8221; global_colors_info=&#8221;{}&#8221;][et_pb_gallery gallery_ids=&#8221;477,478,479,480,481,482,483,484,485,486,487,488,489,490,491,492,493,494,495,496,497,498,499,500,501,502,503,504,505,506,507,508,509,510&#8243; gallery_orderby=&#8221;rand&#8221; fullwidth=&#8221;on&#8221; module_class=&#8221;LwG-arrow-color&#8221; _builder_version=&#8221;4.16&#8243; _module_preset=&#8221;default&#8221; hover_transition_duration=&#8221;250ms&#8221; global_colors_info=&#8221;{}&#8221;][\/et_pb_gallery][\/et_pb_column][\/et_pb_row][et_pb_row _builder_version=&#8221;4.16&#8243; _module_preset=&#8221;default&#8221; background_enable_image=&#8221;off&#8221; custom_padding=&#8221;80px||||false|false&#8221; global_colors_info=&#8221;{}&#8221;][et_pb_column type=&#8221;4_4&#8243; _builder_version=&#8221;4.16&#8243; _module_preset=&#8221;default&#8221; global_colors_info=&#8221;{}&#8221;][et_pb_text _builder_version=&#8221;4.16&#8243; _module_preset=&#8221;default&#8221; text_text_color=&#8221;#242424&#8243; text_font_size=&#8221;16px&#8221; header_font_size=&#8221;56px&#8221; header_letter_spacing=&#8221;3px&#8221; global_colors_info=&#8221;{}&#8221;]<\/p>\n<h2><span>Awards &amp; Recognitions<\/span><\/h2>\n<p>[\/et_pb_text][et_pb_divider _builder_version=&#8221;4.16&#8243; _module_preset=&#8221;default&#8221; global_colors_info=&#8221;{}&#8221;][\/et_pb_divider][et_pb_text _builder_version=&#8221;4.17.1&#8243; _module_preset=&#8221;default&#8221; text_text_color=&#8221;#6B6B6B&#8221; text_font_size=&#8221;12px&#8221; custom_margin=&#8221;-18px||||false|false&#8221; global_colors_info=&#8221;{}&#8221;]<\/p>\n<p>#akademische_ch\u00f6re #mykola-leontowitsch-chorwettbewerb #volkschor #v<i>yshhorodska-pokrova-wettbewerb<\/i><\/p>\n<p>[\/et_pb_text][\/et_pb_column][\/et_pb_row][et_pb_row _builder_version=&#8221;4.16&#8243; _module_preset=&#8221;default&#8221; global_colors_info=&#8221;{}&#8221;][et_pb_column type=&#8221;4_4&#8243; _builder_version=&#8221;4.16&#8243; _module_preset=&#8221;default&#8221; global_colors_info=&#8221;{}&#8221;][et_pb_text _builder_version=&#8221;4.16&#8243; _module_preset=&#8221;default&#8221; header_6_font=&#8221;|300|||||||&#8221; header_6_font_size=&#8221;24px&#8221; header_6_letter_spacing=&#8221;1px&#8221; header_6_line_height=&#8221;1.6em&#8221; global_colors_info=&#8221;{}&#8221;]<\/p>\n<p><i>2018 &#8211; 1st place at the Kyiv City Competition in the category &#8220;Academic Choirs&#8221;<\/i><i><\/i><\/p>\n<p><i>2018 &#8211; Participation in the concert &#8220;Viva Puccini&#8221; in the Philharmonic Hall with the Presidential Orchestra<span class=\"Apple-converted-space\"> <\/span><\/i><i><\/i><\/p>\n<p><i>2018 &#8211; 2nd place at the Ukrainian Mykola Leonovich Choir Competition<br \/>(in competition with professional choirs)<\/i><i><\/i><\/p>\n<p><i>2019 &#8211; Tours in Austria, France and Hungary<\/i><i><\/i><\/p>\n<p><i>2019 &#8211; Award title &#8220;Folk Choir&#8221;<\/i><i><\/i><\/p>\n<p><i>2020 &#8211; Participation in the 21st Christmas Festival &#8220;Great Koliada&#8221; in Lviv<span class=\"Apple-converted-space\"> <\/span><\/i><i><\/i><\/p>\n<p><i>2021 &#8211; participation in the project &#8220;Agnus Die&#8221; (concert to be televised) with the Telniuk sisters and the Presidential Orchestra<\/i><i><\/i><\/p>\n<p><i>2021 &#8211; 1st place at the 13th Ukrainian Festival Competition &#8220;Vyshhorodska Pokrova&#8221; in the category &#8220;Academic Singing&#8221;<\/i><\/p>\n<p>[\/et_pb_text][\/et_pb_column][\/et_pb_row][\/et_pb_section][et_pb_section fb_built=&#8221;1&#8243; _builder_version=&#8221;4.16&#8243; _module_preset=&#8221;default&#8221; global_colors_info=&#8221;{}&#8221;][et_pb_row _builder_version=&#8221;4.16&#8243; _module_preset=&#8221;default&#8221; background_enable_image=&#8221;off&#8221; custom_padding=&#8221;22px||9px||false|false&#8221; global_colors_info=&#8221;{}&#8221;][et_pb_column type=&#8221;4_4&#8243; _builder_version=&#8221;4.16&#8243; _module_preset=&#8221;default&#8221; global_colors_info=&#8221;{}&#8221;][et_pb_text _builder_version=&#8221;4.15.1&#8243; _module_preset=&#8221;default&#8221; text_text_color=&#8221;#242424&#8243; text_font_size=&#8221;16px&#8221; header_font_size=&#8221;56px&#8221; header_letter_spacing=&#8221;3px&#8221; global_module=&#8221;465&#8243; saved_tabs=&#8221;all&#8221; global_colors_info=&#8221;{}&#8221;]<\/p>\n<h2><span>Projekte<\/span><\/h2>\n<p><span>Mit dem K\u00fcnstler, der Gruppe oder dem Programm zusammen entwickelte Projekte, f\u00fcr die wir Unterst\u00fctzung suchen.<\/span><\/p>\n<p>[\/et_pb_text][et_pb_divider _builder_version=&#8221;4.16&#8243; _module_preset=&#8221;default&#8221; global_colors_info=&#8221;{}&#8221;][\/et_pb_divider][\/et_pb_column][\/et_pb_row][et_pb_row _builder_version=&#8221;4.16&#8243; _module_preset=&#8221;default&#8221; global_colors_info=&#8221;{}&#8221;][et_pb_column type=&#8221;4_4&#8243; _builder_version=&#8221;4.16&#8243; _module_preset=&#8221;default&#8221; global_colors_info=&#8221;{}&#8221;][et_pb_blog fullwidth=&#8221;off&#8221; include_categories=&#8221;30&#8243; show_more=&#8221;on&#8221; show_comments=&#8221;on&#8221; use_overlay=&#8221;on&#8221; overlay_icon_color=&#8221;gcid-dd61ad0c-4755-4f51-bf5f-5535126328b3&#8243; _builder_version=&#8221;4.16&#8243; _module_preset=&#8221;default&#8221; header_line_height=&#8221;1.1em&#8221; read_more_line_height=&#8221;3.3em&#8221; animation_style=&#8221;fade&#8221; box_shadow_style=&#8221;preset1&#8243; global_colors_info=&#8221;{%22gcid-dd61ad0c-4755-4f51-bf5f-5535126328b3%22:%91%22overlay_icon_color%22%93}&#8221;][\/et_pb_blog][\/et_pb_column][\/et_pb_row][\/et_pb_section]<\/p>\n","protected":false},"excerpt":{"rendered":"<p>(c) PhotographerMoravski Chamber Choir A Ukrainian amateur choir with exceptional atmosphere and cohesionJulian Friedrich | Oktober 2021 | #Projekt #Musik #Grippe #Gesang #Chor #AmateurThe Moravski Chamber Choir is an amateur choir founded in 2017 with a strong community made up of people from diverse walks of life. The choir owes its atmosphere and great cohesion [&hellip;]<\/p>\n","protected":false},"author":1,"featured_media":945,"parent":0,"menu_order":0,"comment_status":"closed","ping_status":"closed","template":"","meta":{"_et_pb_use_builder":"on","_et_pb_old_content":"","_et_gb_content_width":"","inline_featured_image":false,"footnotes":""},"class_list":["post-1265","page","type-page","status-publish","has-post-thumbnail","hentry"],"_links":{"self":[{"href":"https:\/\/artcrossingborders.com\/en\/wp-json\/wp\/v2\/pages\/1265","targetHints":{"allow":["GET"]}}],"collection":[{"href":"https:\/\/artcrossingborders.com\/en\/wp-json\/wp\/v2\/pages"}],"about":[{"href":"https:\/\/artcrossingborders.com\/en\/wp-json\/wp\/v2\/types\/page"}],"author":[{"embeddable":true,"href":"https:\/\/artcrossingborders.com\/en\/wp-json\/wp\/v2\/users\/1"}],"replies":[{"embeddable":true,"href":"https:\/\/artcrossingborders.com\/en\/wp-json\/wp\/v2\/comments?post=1265"}],"version-history":[{"count":7,"href":"https:\/\/artcrossingborders.com\/en\/wp-json\/wp\/v2\/pages\/1265\/revisions"}],"predecessor-version":[{"id":2502,"href":"https:\/\/artcrossingborders.com\/en\/wp-json\/wp\/v2\/pages\/1265\/revisions\/2502"}],"wp:featuredmedia":[{"embeddable":true,"href":"https:\/\/artcrossingborders.com\/en\/wp-json\/wp\/v2\/media\/945"}],"wp:attachment":[{"href":"https:\/\/artcrossingborders.com\/en\/wp-json\/wp\/v2\/media?parent=1265"}],"curies":[{"name":"wp","href":"https:\/\/api.w.org\/{rel}","templated":true}]}}